{"id":1834,"date":"2019-10-06T13:18:42","date_gmt":"2019-10-06T13:18:42","guid":{"rendered":"https:\/\/evwx.beeweb.se\/sports-team\/"},"modified":"2019-10-06T16:01:56","modified_gmt":"2019-10-06T16:01:56","slug":"sports-team","status":"publish","type":"page","link":"https:\/\/www.dalslandsaktiviteter.se\/en\/sports-team\/","title":{"rendered":"Sports team"},"content":{"rendered":"\t\t<div data-elementor-type=\"wp-post\" data-elementor-id=\"1834\" class=\"elementor elementor-1834 elementor-655\" data-elementor-post-type=\"page\">\n\t\t\t\t\t\t<section class=\"elementor-section elementor-top-section elementor-element elementor-element-2eb503d5 elementor-section-full_width elementor-section-content-bottom elementor-section-height-full elementor-section-items-bottom elementor-section-height-default\" data-id=\"2eb503d5\" data-element_type=\"section\" data-e-type=\"section\" data-settings=\"{&quot;background_background&quot;:&quot;classic&quot;}\">\n\t\t\t\t\t\t\t<div class=\"elementor-background-overlay\"><\/div>\n\t\t\t\t\t\t\t<div class=\"elementor-container elementor-column-gap-default\">\n\t\t\t\t\t<div class=\"elementor-column elementor-col-100 elementor-top-column elementor-element elementor-element-edf9805\" data-id=\"edf9805\" data-element_type=\"column\" data-e-type=\"column\">\n\t\t\t<div class=\"elementor-widget-wrap elementor-element-populated\">\n\t\t\t\t\t\t<div class=\"elementor-element elementor-element-516df22e elementor-widget elementor-widget-heading\" data-id=\"516df22e\" data-element_type=\"widget\" data-e-type=\"widget\" data-widget_type=\"heading.default\">\n\t\t\t\t<div class=\"elementor-widget-container\">\n\t\t\t\t\t<h5 class=\"elementor-heading-title elementor-size-default\">When you want to develop your team.<\/h5>\t\t\t\t<\/div>\n\t\t\t\t<\/div>\n\t\t\t\t<div class=\"elementor-element elementor-element-71a32c73 elementor-widget elementor-widget-heading\" data-id=\"71a32c73\" data-element_type=\"widget\" data-e-type=\"widget\" data-widget_type=\"heading.default\">\n\t\t\t\t<div class=\"elementor-widget-container\">\n\t\t\t\t\t<h1 class=\"elementor-heading-title elementor-size-default\">Sports team<\/h1>\t\t\t\t<\/div>\n\t\t\t\t<\/div>\n\t\t\t\t<div class=\"elementor-element elementor-element-3c43a71 elementor-hidden-phone elementor-widget elementor-widget-text-editor\" data-id=\"3c43a71\" data-element_type=\"widget\" data-e-type=\"widget\" data-widget_type=\"text-editor.default\">\n\t\t\t\t<div class=\"elementor-widget-container\">\n\t\t\t\t\t\t\t\t\t<p>Some of Sweden&#8217;s and Scandinavia&#8217;s largest teams have been here but also many of Sweden&#8217;s smallest have visited us. Basically, it&#8217;s all about the same thing, team spirit! Welcome to build your team here with us.<\/p>\n\t\t\t\t\t\t\t\t<\/div>\n\t\t\t\t<\/div>\n\t\t\t\t\t<\/div>\n\t\t<\/div>\n\t\t\t\t\t<\/div>\n\t\t<\/section>\n\t\t\t\t<section class=\"elementor-section elementor-top-section elementor-element elementor-element-e17a467 elementor-section-full_width elementor-hidden-desktop elementor-hidden-tablet elementor-section-height-default elementor-section-height-default\" data-id=\"e17a467\" data-element_type=\"section\" data-e-type=\"section\" data-settings=\"{&quot;background_background&quot;:&quot;classic&quot;}\">\n\t\t\t\t\t\t<div class=\"elementor-container elementor-column-gap-default\">\n\t\t\t\t\t<div class=\"elementor-column elementor-col-100 elementor-top-column elementor-element elementor-element-b692420\" data-id=\"b692420\" data-element_type=\"column\" data-e-type=\"column\">\n\t\t\t<div class=\"elementor-widget-wrap elementor-element-populated\">\n\t\t\t\t\t\t<section class=\"elementor-section elementor-inner-section elementor-element elementor-element-5ae1be1 elementor-section-full_width elementor-section-height-default elementor-section-height-default\" data-id=\"5ae1be1\" data-element_type=\"section\" data-e-type=\"section\">\n\t\t\t\t\t\t<div class=\"elementor-container elementor-column-gap-default\">\n\t\t\t\t\t<div class=\"elementor-column elementor-col-100 elementor-inner-column elementor-element elementor-element-8672c4d\" data-id=\"8672c4d\" data-element_type=\"column\" data-e-type=\"column\">\n\t\t\t<div class=\"elementor-widget-wrap elementor-element-populated\">\n\t\t\t\t\t\t<div class=\"elementor-element elementor-element-a98b3ae elementor-widget elementor-widget-text-editor\" data-id=\"a98b3ae\" data-element_type=\"widget\" data-e-type=\"widget\" data-widget_type=\"text-editor.default\">\n\t\t\t\t<div class=\"elementor-widget-container\">\n\t\t\t\t\t\t\t\t\t<p>Some of Sweden&#8217;s and Scandinavia&#8217;s largest teams have been here but also many of Sweden&#8217;s smallest have visited us. Basically, it&#8217;s all about the same thing, team spirit! Welcome to build your team here with us.<\/p>\n\t\t\t\t\t\t\t\t<\/div>\n\t\t\t\t<\/div>\n\t\t\t\t\t<\/div>\n\t\t<\/div>\n\t\t\t\t\t<\/div>\n\t\t<\/section>\n\t\t\t\t\t<\/div>\n\t\t<\/div>\n\t\t\t\t\t<\/div>\n\t\t<\/section>\n\t\t\t\t<section class=\"elementor-section elementor-top-section elementor-element elementor-element-8748255 elementor-section-boxed elementor-section-height-default elementor-section-height-default\" data-id=\"8748255\" data-element_type=\"section\" data-e-type=\"section\" data-settings=\"{&quot;background_background&quot;:&quot;classic&quot;}\">\n\t\t\t\t\t\t<div class=\"elementor-container elementor-column-gap-default\">\n\t\t\t\t\t<div class=\"elementor-column elementor-col-100 elementor-top-column elementor-element elementor-element-56e6938\" data-id=\"56e6938\" data-element_type=\"column\" data-e-type=\"column\">\n\t\t\t<div class=\"elementor-widget-wrap elementor-element-populated\">\n\t\t\t\t\t\t<div class=\"elementor-element elementor-element-e308b26 elementor-widget elementor-widget-video\" data-id=\"e308b26\" data-element_type=\"widget\" data-e-type=\"widget\" data-settings=\"{&quot;youtube_url&quot;:&quot;https:\\\/\\\/youtu.be\\\/qJ36-TI7mUA&quot;,&quot;video_type&quot;:&quot;youtube&quot;,&quot;controls&quot;:&quot;yes&quot;}\" data-widget_type=\"video.default\">\n\t\t\t\t<div class=\"elementor-widget-container\">\n\t\t\t\t\t\t\t<div class=\"elementor-wrapper elementor-open-inline\">\n\t\t\t<div class=\"elementor-video\"><\/div>\t\t<\/div>\n\t\t\t\t\t\t<\/div>\n\t\t\t\t<\/div>\n\t\t\t\t\t<\/div>\n\t\t<\/div>\n\t\t\t\t\t<\/div>\n\t\t<\/section>\n\t\t\t\t<section class=\"elementor-section elementor-top-section elementor-element elementor-element-f498e8b elementor-section-full_width elementor-section-content-middle elementor-section-height-default elementor-section-height-default\" data-id=\"f498e8b\" data-element_type=\"section\" data-e-type=\"section\" id=\"forslag1\">\n\t\t\t\t\t\t<div class=\"elementor-container elementor-column-gap-no\">\n\t\t\t\t\t<div class=\"elementor-column elementor-col-50 elementor-top-column elementor-element elementor-element-5e915675\" data-id=\"5e915675\" data-element_type=\"column\" data-e-type=\"column\">\n\t\t\t<div class=\"elementor-widget-wrap elementor-element-populated\">\n\t\t\t\t\t\t<div class=\"elementor-element elementor-element-dd45240 elementor-widget elementor-widget-heading\" data-id=\"dd45240\" data-element_type=\"widget\" data-e-type=\"widget\" data-widget_type=\"heading.default\">\n\t\t\t\t<div class=\"elementor-widget-container\">\n\t\t\t\t\t<h5 class=\"elementor-heading-title elementor-size-default\">Sports team<\/h5>\t\t\t\t<\/div>\n\t\t\t\t<\/div>\n\t\t\t\t<div class=\"elementor-element elementor-element-35f1b666 elementor-widget elementor-widget-heading\" data-id=\"35f1b666\" data-element_type=\"widget\" data-e-type=\"widget\" id=\"lagerplats\" data-widget_type=\"heading.default\">\n\t\t\t\t<div class=\"elementor-widget-container\">\n\t\t\t\t\t<h2 class=\"elementor-heading-title elementor-size-default\">Proposal 1<\/h2>\t\t\t\t<\/div>\n\t\t\t\t<\/div>\n\t\t\t\t<div class=\"elementor-element elementor-element-4ef19363 elementor-widget elementor-widget-text-editor\" data-id=\"4ef19363\" data-element_type=\"widget\" data-e-type=\"widget\" data-widget_type=\"text-editor.default\">\n\t\t\t\t<div class=\"elementor-widget-container\">\n\t\t\t\t\t\t\t\t\t<h5>Day 1<\/h5>\n<p><b>10.00<\/b><br \/>Arrival and joint start-up with coffee in the caf\u00e9.<\/p>\n<p><b>10.30 <\/b><br \/>Collaborative exercises on ground level.<\/p>\n<p><b>12.30 <\/b><br \/>Lunch is served at the restaurant.<\/p>\n<p><b>13.30 <\/b><br \/>Giant swing, pole jump and Jacob\u2019s ladder, some really exciting adventures that also challenge both the group and the individual.<\/p>\n<p><b>17.00 <\/b><br \/>Accommodation in Teepees. <span style=\"font-size: 15px;\">You have your own camp down by the lake Iv\u00e4g.<\/span><\/p>\n<p>Your own time, you live right next to the lake and can, for example, take the opportunity to swim!<\/p>\n<p><b>18.00 <\/b><br \/>Barbecue evening, the food comes from the restaurant but you grill yourself.<\/p>\n<p><b>19.30 <\/b><br \/>Evening exercise with our church boats on the lake. The exercise is called \u201cStick iv\u00e4g p\u00e5 Iv\u00e4g\u201d and requires cooperation and endurance.<\/p>\n<p><b>22.00 <\/b><br \/>Brief evaluation and then sausages in bread.<\/p>\n<p>Your own evening around the campfire and overnight stay in tepees embedded with spruce twigs and reindeer skins.<\/p>\n<h5>Day 2<\/h5>\n<p><b>08.00 <\/b><br \/>Breakfast is served at the campsite followed by the \u201crear view mirror\u201d where we look back on the previous day\u2019s experiences.<\/p>\n<p><b>09.00 <\/b><br \/>Activity session where the group tries \u201cL\u00e5gbana 2\u201d, a team exercise just above ground level Abseiling, a delightful mix of experience and challenge!<\/p>\n<p><b>12.00 <\/b><br \/>Lunch is served at the restaurant.<\/p>\n<p><b>13.00<\/b> <br \/>Departure<\/p>\n<p><b>Price:<\/b> <br \/>SEK 2 195 per person for food, accommodation, activities and instructors.<br \/>The price is incl. Vat<\/p>\n\t\t\t\t\t\t\t\t<\/div>\n\t\t\t\t<\/div>\n\t\t\t\t\t<\/div>\n\t\t<\/div>\n\t\t\t\t<div class=\"elementor-column elementor-col-50 elementor-top-column elementor-element elementor-element-4b3e39ed\" data-id=\"4b3e39ed\" data-element_type=\"column\" data-e-type=\"column\" data-settings=\"{&quot;background_background&quot;:&quot;classic&quot;}\">\n\t\t\t<div class=\"elementor-widget-wrap elementor-element-populated\">\n\t\t\t\t\t\t<div class=\"elementor-element elementor-element-31ec1a96 elementor-widget elementor-widget-spacer\" data-id=\"31ec1a96\" data-element_type=\"widget\" data-e-type=\"widget\" data-widget_type=\"spacer.default\">\n\t\t\t\t<div class=\"elementor-widget-container\">\n\t\t\t\t\t\t\t<div class=\"elementor-spacer\">\n\t\t\t<div class=\"elementor-spacer-inner\"><\/div>\n\t\t<\/div>\n\t\t\t\t\t\t<\/div>\n\t\t\t\t<\/div>\n\t\t\t\t\t<\/div>\n\t\t<\/div>\n\t\t\t\t\t<\/div>\n\t\t<\/section>\n\t\t\t\t<section class=\"elementor-section elementor-top-section elementor-element elementor-element-e352821 elementor-section-full_width elementor-section-content-middle elementor-reverse-mobile elementor-section-height-default elementor-section-height-default\" data-id=\"e352821\" data-element_type=\"section\" data-e-type=\"section\" id=\"forslag2\">\n\t\t\t\t\t\t<div class=\"elementor-container elementor-column-gap-no\">\n\t\t\t\t\t<div class=\"elementor-column elementor-col-50 elementor-top-column elementor-element elementor-element-8602620\" data-id=\"8602620\" data-element_type=\"column\" data-e-type=\"column\" data-settings=\"{&quot;background_background&quot;:&quot;classic&quot;}\">\n\t\t\t<div class=\"elementor-widget-wrap elementor-element-populated\">\n\t\t\t\t\t\t<div class=\"elementor-element elementor-element-cac180c elementor-widget elementor-widget-spacer\" data-id=\"cac180c\" data-element_type=\"widget\" data-e-type=\"widget\" data-widget_type=\"spacer.default\">\n\t\t\t\t<div class=\"elementor-widget-container\">\n\t\t\t\t\t\t\t<div class=\"elementor-spacer\">\n\t\t\t<div class=\"elementor-spacer-inner\"><\/div>\n\t\t<\/div>\n\t\t\t\t\t\t<\/div>\n\t\t\t\t<\/div>\n\t\t\t\t\t<\/div>\n\t\t<\/div>\n\t\t\t\t<div class=\"elementor-column elementor-col-50 elementor-top-column elementor-element elementor-element-0b03311\" data-id=\"0b03311\" data-element_type=\"column\" data-e-type=\"column\">\n\t\t\t<div class=\"elementor-widget-wrap elementor-element-populated\">\n\t\t\t\t\t\t<div class=\"elementor-element elementor-element-d651295 elementor-widget elementor-widget-heading\" data-id=\"d651295\" data-element_type=\"widget\" data-e-type=\"widget\" data-widget_type=\"heading.default\">\n\t\t\t\t<div class=\"elementor-widget-container\">\n\t\t\t\t\t<h5 class=\"elementor-heading-title elementor-size-default\">Sports team<\/h5>\t\t\t\t<\/div>\n\t\t\t\t<\/div>\n\t\t\t\t<div class=\"elementor-element elementor-element-0a6855c elementor-widget elementor-widget-heading\" data-id=\"0a6855c\" data-element_type=\"widget\" data-e-type=\"widget\" data-widget_type=\"heading.default\">\n\t\t\t\t<div class=\"elementor-widget-container\">\n\t\t\t\t\t<h2 class=\"elementor-heading-title elementor-size-default\">Proposal 2<\/h2>\t\t\t\t<\/div>\n\t\t\t\t<\/div>\n\t\t\t\t<div class=\"elementor-element elementor-element-5f9154b elementor-widget elementor-widget-text-editor\" data-id=\"5f9154b\" data-element_type=\"widget\" data-e-type=\"widget\" data-widget_type=\"text-editor.default\">\n\t\t\t\t<div class=\"elementor-widget-container\">\n\t\t\t\t\t\t\t\t\t<h5>Day 1<\/h5>\n<p><b>10.00 <\/b><br \/>Arrival, joint start-up and coffee in the caf\u00e9.<\/p>\n<p><b>10.30<\/b> <br \/>Collaborative exercises on ground level.<\/p>\n<p><b>12.30<\/b> <br \/>Lunch is served at the restaurant.<\/p>\n<p><b>13.30 <\/b><br \/>High rope course, exciting adventure that challenges both the team and the ego!<\/p>\n<p><b>16.00<\/b> <br \/>Finishing coffee in the caf\u00e9 and then departure.<\/p>\n<p><b>Price:<\/b> <br \/>SEK 995 per person for food, activities and instructors.<\/p>\n<p>The price is incl. Vat<\/p>\n\t\t\t\t\t\t\t\t<\/div>\n\t\t\t\t<\/div>\n\t\t\t\t\t<\/div>\n\t\t<\/div>\n\t\t\t\t\t<\/div>\n\t\t<\/section>\n\t\t\t\t<section class=\"elementor-section elementor-top-section elementor-element elementor-element-d3a05c2 elementor-section-full_width elementor-section-content-middle elementor-section-height-default elementor-section-height-default\" data-id=\"d3a05c2\" data-element_type=\"section\" data-e-type=\"section\" id=\"forslag3\">\n\t\t\t\t\t\t<div class=\"elementor-container elementor-column-gap-no\">\n\t\t\t\t\t<div class=\"elementor-column elementor-col-50 elementor-top-column elementor-element elementor-element-3a9971b\" data-id=\"3a9971b\" data-element_type=\"column\" data-e-type=\"column\">\n\t\t\t<div class=\"elementor-widget-wrap elementor-element-populated\">\n\t\t\t\t\t\t<div class=\"elementor-element elementor-element-9ce8d4e elementor-widget elementor-widget-heading\" data-id=\"9ce8d4e\" data-element_type=\"widget\" data-e-type=\"widget\" data-widget_type=\"heading.default\">\n\t\t\t\t<div class=\"elementor-widget-container\">\n\t\t\t\t\t<h5 class=\"elementor-heading-title elementor-size-default\">Sports team<\/h5>\t\t\t\t<\/div>\n\t\t\t\t<\/div>\n\t\t\t\t<div class=\"elementor-element elementor-element-072bc74 elementor-widget elementor-widget-heading\" data-id=\"072bc74\" data-element_type=\"widget\" data-e-type=\"widget\" data-widget_type=\"heading.default\">\n\t\t\t\t<div class=\"elementor-widget-container\">\n\t\t\t\t\t<h2 class=\"elementor-heading-title elementor-size-default\">Proposal 3<\/h2>\t\t\t\t<\/div>\n\t\t\t\t<\/div>\n\t\t\t\t<div class=\"elementor-element elementor-element-f1174c7 elementor-widget elementor-widget-text-editor\" data-id=\"f1174c7\" data-element_type=\"widget\" data-e-type=\"widget\" data-widget_type=\"text-editor.default\">\n\t\t\t\t<div class=\"elementor-widget-container\">\n\t\t\t\t\t\t\t\t\t<h6><span style=\"color: #000000;\">Teambuilding interspersed with fun and exciting memories. <\/span><\/h6>\n\t\t\t\t\t\t\t\t<\/div>\n\t\t\t\t<\/div>\n\t\t\t\t<div class=\"elementor-element elementor-element-9034481 elementor-widget elementor-widget-text-editor\" data-id=\"9034481\" data-element_type=\"widget\" data-e-type=\"widget\" data-widget_type=\"text-editor.default\">\n\t\t\t\t<div class=\"elementor-widget-container\">\n\t\t\t\t\t\t\t\t\t<h5>Day 1 <\/h5>\n<p><b>10.00 <br \/><\/b> Arrival and joint start-up with coffee in the caf\u00e9.<\/p>\n<p><b>10.30<\/b> <br \/>Collaborative exercises on ground level.<\/p>\n<p><b>12.30<\/b> <br \/>Lunch is served at the restaurant.<\/p>\n<p><b>13.30 <\/b><br \/>High rope course, exciting adventure that challenges both the team and the ego!<\/p>\n<p><b>17.00<\/b> <br \/>Accommodation in Teepees, you have your own camp down by the lake Iv\u00e4g.<\/p>\n<p>You own time, you live right next to the lake and have access to our wood-fired hot tubs.<\/p>\n<p><b>18.00 <\/b><br \/>Barbecue evening, the food comes from the restaurant but you grill yourself. Your own evening around the campfire and overnight stay in tepees embedded with spruce twigs and reindeer skins.<\/p>\n<h5>Day 2 <\/h5>\n<p><b>08.00 <\/b><br \/>Breakfast is served at the campsite.<\/p>\n<p><b>10.00 <br \/><\/b><span style=\"font-size: 15px;\">Team relay including Raft building, Marble race and tricky puzzles.<br \/><b>11.30<\/b><\/span><\/p>\n<\/p>\n<p>Finishing coffee in the caf\u00e9 and then departure.<\/p>\n<p><b>Price:<\/b> <br \/>SEK 1 995 per person for food, activities and instructors.<\/p>\n<p><span style=\"font-size: 15px;\">The price is incl. Vat <\/span><span style=\"font-size: 15px;\"> <\/span><\/p>\n\t\t\t\t\t\t\t\t<\/div>\n\t\t\t\t<\/div>\n\t\t\t\t\t<\/div>\n\t\t<\/div>\n\t\t\t\t<div class=\"elementor-column elementor-col-50 elementor-top-column elementor-element elementor-element-171bd50\" data-id=\"171bd50\" data-element_type=\"column\" data-e-type=\"column\" data-settings=\"{&quot;background_background&quot;:&quot;classic&quot;}\">\n\t\t\t<div class=\"elementor-widget-wrap elementor-element-populated\">\n\t\t\t\t\t\t<div class=\"elementor-element elementor-element-fc2f42f elementor-widget elementor-widget-spacer\" data-id=\"fc2f42f\" data-element_type=\"widget\" data-e-type=\"widget\" data-widget_type=\"spacer.default\">\n\t\t\t\t<div class=\"elementor-widget-container\">\n\t\t\t\t\t\t\t<div class=\"elementor-spacer\">\n\t\t\t<div class=\"elementor-spacer-inner\"><\/div>\n\t\t<\/div>\n\t\t\t\t\t\t<\/div>\n\t\t\t\t<\/div>\n\t\t\t\t\t<\/div>\n\t\t<\/div>\n\t\t\t\t\t<\/div>\n\t\t<\/section>\n\t\t\t\t<section class=\"elementor-section elementor-top-section elementor-element elementor-element-4fdb5fd elementor-section-full_width elementor-section-content-middle elementor-reverse-mobile elementor-section-height-default elementor-section-height-default\" data-id=\"4fdb5fd\" data-element_type=\"section\" data-e-type=\"section\" id=\"forslag4\">\n\t\t\t\t\t\t<div class=\"elementor-container elementor-column-gap-no\">\n\t\t\t\t\t<div class=\"elementor-column elementor-col-50 elementor-top-column elementor-element elementor-element-e13be92\" data-id=\"e13be92\" data-element_type=\"column\" data-e-type=\"column\" data-settings=\"{&quot;background_background&quot;:&quot;classic&quot;}\">\n\t\t\t<div class=\"elementor-widget-wrap elementor-element-populated\">\n\t\t\t\t\t\t<div class=\"elementor-element elementor-element-c7df1cd elementor-widget elementor-widget-spacer\" data-id=\"c7df1cd\" data-element_type=\"widget\" data-e-type=\"widget\" data-widget_type=\"spacer.default\">\n\t\t\t\t<div class=\"elementor-widget-container\">\n\t\t\t\t\t\t\t<div class=\"elementor-spacer\">\n\t\t\t<div class=\"elementor-spacer-inner\"><\/div>\n\t\t<\/div>\n\t\t\t\t\t\t<\/div>\n\t\t\t\t<\/div>\n\t\t\t\t\t<\/div>\n\t\t<\/div>\n\t\t\t\t<div class=\"elementor-column elementor-col-50 elementor-top-column elementor-element elementor-element-e34df78\" data-id=\"e34df78\" data-element_type=\"column\" data-e-type=\"column\">\n\t\t\t<div class=\"elementor-widget-wrap elementor-element-populated\">\n\t\t\t\t\t\t<div class=\"elementor-element elementor-element-f4c061a elementor-widget elementor-widget-heading\" data-id=\"f4c061a\" data-element_type=\"widget\" data-e-type=\"widget\" data-widget_type=\"heading.default\">\n\t\t\t\t<div class=\"elementor-widget-container\">\n\t\t\t\t\t<h5 class=\"elementor-heading-title elementor-size-default\">Sports team<\/h5>\t\t\t\t<\/div>\n\t\t\t\t<\/div>\n\t\t\t\t<div class=\"elementor-element elementor-element-3fa8ac5 elementor-widget elementor-widget-heading\" data-id=\"3fa8ac5\" data-element_type=\"widget\" data-e-type=\"widget\" data-widget_type=\"heading.default\">\n\t\t\t\t<div class=\"elementor-widget-container\">\n\t\t\t\t\t<h2 class=\"elementor-heading-title elementor-size-default\">Proposal 4<\/h2>\t\t\t\t<\/div>\n\t\t\t\t<\/div>\n\t\t\t\t<div class=\"elementor-element elementor-element-41cc450 elementor-widget elementor-widget-text-editor\" data-id=\"41cc450\" data-element_type=\"widget\" data-e-type=\"widget\" data-widget_type=\"text-editor.default\">\n\t\t\t\t<div class=\"elementor-widget-container\">\n\t\t\t\t\t\t\t\t\t<h6><span style=\"color: #000000;\">Teambuilding with evening practice interspersed with fun and exciting memories. <\/span><\/h6>\n\t\t\t\t\t\t\t\t<\/div>\n\t\t\t\t<\/div>\n\t\t\t\t<div class=\"elementor-element elementor-element-c5dd461 elementor-widget elementor-widget-text-editor\" data-id=\"c5dd461\" data-element_type=\"widget\" data-e-type=\"widget\" data-widget_type=\"text-editor.default\">\n\t\t\t\t<div class=\"elementor-widget-container\">\n\t\t\t\t\t\t\t\t\t<h5>Day 1<\/h5>\n<p><b>10.00 <\/b><br \/>Accommodation in Teepees. <span style=\"font-size: 15px;\">You have your own camp down by the lake Iv\u00e4g.<\/span><\/p>\n<p><b>10.30<\/b> <br \/>Collaborative exercises on ground level.<\/p>\n<p><b>12.30 <\/b><br \/>Lunch is served at the restaurant.<\/p>\n<p><b>13.30 <\/b><br \/>Giant swing and Jakob\u00b4s ladder, some really exciting adventure!<\/p>\n<p><b>17.00 <\/b><br \/>You own time, you live right next to the lake and can take the opportunity to swim!<\/p>\n<p><b>18.00 <\/b><br \/>Barbecue evening, the food comes from the restaurant but you grill yourself.<\/p>\n<p><b>19.30 <\/b><br \/>Evening exercise with our church boats on the lake. The exercise is called \u201cStick iv\u00e4g p\u00e5 Iv\u00e4g\u201d and requires cooperation and endurance.<\/p>\n<p><b>22.00<\/b> <br \/>Brief evaluation and then sausages in bread. Then<span style=\"font-size: 15px;\">Your owb evening around the campfire and overnight in the lapped hut on the Gran Rice bed and reindeer skins.<\/span><\/p>\n<h5>Day 2<\/h5>\n<p><b>08.00 <\/b><br \/>Breakfast is served at the campsite followed by the \u201crear view mirror\u201d where we look back on the previous day\u2019s experiences.<\/p>\n<p><b>09.00 <\/b><br \/>Activity pass where the group is trying: <\/p>\n<ul>\n<li><span style=\"font-size: 15px;\">L\u00e5gbana 2, a collaborative exercise a bit above ground level.<\/span><\/li>\n<li>Abseiling, a delightful mix of experience and challenge!<\/li>\n<\/ul>\n<p><b>12.00 <\/b><br \/>Lunch is served at the restaurant.<\/p>\n<p><b>13.00 <\/b><br \/>Departure<\/p>\n<p><b>Price:<\/b><br \/>SEK 670 per person for food and lodging and SEK 30 000 for activities, incl. VAT (max 30 persons)<\/p>\n\t\t\t\t\t\t\t\t<\/div>\n\t\t\t\t<\/div>\n\t\t\t\t\t<\/div>\n\t\t<\/div>\n\t\t\t\t\t<\/div>\n\t\t<\/section>\n\t\t\t\t<\/div>\n\t\t","protected":false},"excerpt":{"rendered":"<p>When you want to develop your team. Sports team Some of Sweden&#8217;s and Scandinavia&#8217;s largest teams have been here but also many of Sweden&#8217;s smallest have visited us. Basically, it&#8217;s all about the same thing, team spirit! Welcome to build your team here with us. Some of Sweden&#8217;s and Scandinavia&#8217;s largest teams have been here [&hellip;]<\/p>\n","protected":false},"author":1,"featured_media":0,"parent":0,"menu_order":0,"comment_status":"closed","ping_status":"closed","template":"","meta":{"_acf_changed":false,"site-sidebar-layout":"no-sidebar","site-content-layout":"page-builder","ast-site-content-layout":"default","site-content-style":"default","site-sidebar-style":"default","ast-global-header-display":"","ast-banner-title-visibility":"","ast-main-header-display":"","ast-hfb-above-header-display":"","ast-hfb-below-header-display":"","ast-hfb-mobile-header-display":"","site-post-title":"disabled","ast-breadcrumbs-content":"","ast-featured-img":"disabled","footer-sml-layout":"","ast-disable-related-posts":"","theme-transparent-header-meta":"default","adv-header-id-meta":"","stick-header-meta":"default","header-above-stick-meta":"","header-main-stick-meta":"","header-below-stick-meta":"","astra-migrate-meta-layouts":"default","ast-page-background-enabled":"default","ast-page-background-meta":{"desktop":{"background-color":"","background-image":"","background-repeat":"repeat","background-position":"center center","background-size":"auto","background-attachment":"scroll","background-type":"","background-media":"","overlay-type":"","overlay-color":"","overlay-opacity":"","overlay-gradient":""},"tablet":{"background-color":"","background-image":"","background-repeat":"repeat","background-position":"center center","background-size":"auto","background-attachment":"scroll","background-type":"","background-media":"","overlay-type":"","overlay-color":"","overlay-opacity":"","overlay-gradient":""},"mobile":{"background-color":"","background-image":"","background-repeat":"repeat","background-position":"center center","background-size":"auto","background-attachment":"scroll","background-type":"","background-media":"","overlay-type":"","overlay-color":"","overlay-opacity":"","overlay-gradient":""}},"ast-content-background-meta":{"desktop":{"background-color":"var(--ast-global-color-5)","background-image":"","background-repeat":"repeat","background-position":"center center","background-size":"auto","background-attachment":"scroll","background-type":"","background-media":"","overlay-type":"","overlay-color":"","overlay-opacity":"","overlay-gradient":""},"tablet":{"background-color":"var(--ast-global-color-5)","background-image":"","background-repeat":"repeat","background-position":"center center","background-size":"auto","background-attachment":"scroll","background-type":"","background-media":"","overlay-type":"","overlay-color":"","overlay-opacity":"","overlay-gradient":""},"mobile":{"background-color":"var(--ast-global-color-5)","background-image":"","background-repeat":"repeat","background-position":"center center","background-size":"auto","background-attachment":"scroll","background-type":"","background-media":"","overlay-type":"","overlay-color":"","overlay-opacity":"","overlay-gradient":""}},"footnotes":""},"class_list":["post-1834","page","type-page","status-publish","hentry"],"acf":[],"_links":{"self":[{"href":"https:\/\/www.dalslandsaktiviteter.se\/en\/wp-json\/wp\/v2\/pages\/1834","targetHints":{"allow":["GET"]}}],"collection":[{"href":"https:\/\/www.dalslandsaktiviteter.se\/en\/wp-json\/wp\/v2\/pages"}],"about":[{"href":"https:\/\/www.dalslandsaktiviteter.se\/en\/wp-json\/wp\/v2\/types\/page"}],"author":[{"embeddable":true,"href":"https:\/\/www.dalslandsaktiviteter.se\/en\/wp-json\/wp\/v2\/users\/1"}],"replies":[{"embeddable":true,"href":"https:\/\/www.dalslandsaktiviteter.se\/en\/wp-json\/wp\/v2\/comments?post=1834"}],"version-history":[{"count":4,"href":"https:\/\/www.dalslandsaktiviteter.se\/en\/wp-json\/wp\/v2\/pages\/1834\/revisions"}],"predecessor-version":[{"id":1890,"href":"https:\/\/www.dalslandsaktiviteter.se\/en\/wp-json\/wp\/v2\/pages\/1834\/revisions\/1890"}],"wp:attachment":[{"href":"https:\/\/www.dalslandsaktiviteter.se\/en\/wp-json\/wp\/v2\/media?parent=1834"}],"curies":[{"name":"wp","href":"https:\/\/api.w.org\/{rel}","templated":true}]}}